{"id":2,"date":"2024-03-18T18:43:29","date_gmt":"2024-03-18T18:43:29","guid":{"rendered":"https:\/\/www.planetaoptymizmu.pl\/?page_id=2"},"modified":"2024-07-08T21:41:30","modified_gmt":"2024-07-08T21:41:30","slug":"sample-page","status":"publish","type":"page","link":"https:\/\/www.planetaoptymizmu.pl\/?page_id=2","title":{"rendered":"O mnie"},"content":{"rendered":"\n<p>Jestem zwyczajn\u0105 niezwyk\u0142\u0105 Just\u0105, kt\u00f3ra od wielu lat mieszka na swojej w\u0142asnej Planecie Optymizmu. <\/p>\n\n\n\n<p>Poprzez t\u0105 stron\u0119 zapraszam wszystkich, kt\u00f3rzy chc\u0105 zobaczy\u0107 i poczu\u0107 jak tu si\u0119 mieszka i by\u0107 mo\u017ce zosta\u0107 ze mn\u0105 na d\u0142u\u017cej jako dobry s\u0105siad. Dziel\u0119 si\u0119 swoimi przemy\u015bleniami i osobistym spojrzeniem na wiele sytuacji \u017cyciowych, zawodowych i innych (jakie tylko przyjd\u0105 mi do g\u0142owy).<\/p>\n\n\n\n<p>Prywatnie mama dwojga cudnych dzieciak\u00f3w, \u017cona swojego ch\u0142opa i nakr\u0119cona menad\u017cerka. A amatorsko: weekendowa tancerka w swoim domu, najlepsza piosenkarka w swoim aucie, i &#8230; pocz\u0105tkuj\u0105ca blogerka \ud83d\ude42  &#8230; na pewno mam jeszcze inne talenty, ale wci\u0105\u017c ich szukam \ud83d\ude42 <\/p>\n\n\n\n<p class=\"has-black-color has-light-green-cyan-background-color has-text-color has-background has-link-color has-medium-font-size wp-elements-45d7518d3abef78fdcb28c7fdd90dae8\">Czyli zwyczajnie &#8211; Justa<\/p>\n","protected":false},"excerpt":{"rendered":"<p>Jestem zwyczajn\u0105 niezwyk\u0142\u0105 Just\u0105, kt\u00f3ra od wielu lat mieszka na swojej w\u0142asnej Planecie Optymizmu. Poprzez t\u0105 stron\u0119 zapraszam wszystkich, kt\u00f3rzy chc\u0105 zobaczy\u0107 i poczu\u0107 jak tu si\u0119 mieszka i by\u0107 mo\u017ce zosta\u0107 ze mn\u0105 na d\u0142u\u017cej jako dobry s\u0105siad. Dziel\u0119 si\u0119 swoimi przemy\u015bleniami i osobistym spojrzeniem na wiele sytuacji \u017cyciowych, zawodowych i innych (jakie tylko &hellip; <\/p>\n","protected":false},"author":1,"featured_media":48,"parent":0,"menu_order":0,"comment_status":"open","ping_status":"open","template":"","meta":{"footnotes":""},"_links":{"self":[{"href":"https:\/\/www.planetaoptymizmu.pl\/index.php?rest_route=\/wp\/v2\/pages\/2"}],"collection":[{"href":"https:\/\/www.planetaoptymizmu.pl\/index.php?rest_route=\/wp\/v2\/pages"}],"about":[{"href":"https:\/\/www.planetaoptymizmu.pl\/index.php?rest_route=\/wp\/v2\/types\/page"}],"author":[{"embeddable":true,"href":"https:\/\/www.planetaoptymizmu.pl\/index.php?rest_route=\/wp\/v2\/users\/1"}],"replies":[{"embeddable":true,"href":"https:\/\/www.planetaoptymizmu.pl\/index.php?rest_route=%2Fwp%2Fv2%2Fcomments&post=2"}],"version-history":[{"count":3,"href":"https:\/\/www.planetaoptymizmu.pl\/index.php?rest_route=\/wp\/v2\/pages\/2\/revisions"}],"predecessor-version":[{"id":101,"href":"https:\/\/www.planetaoptymizmu.pl\/index.php?rest_route=\/wp\/v2\/pages\/2\/revisions\/101"}],"wp:featuredmedia":[{"embeddable":true,"href":"https:\/\/www.planetaoptymizmu.pl\/index.php?rest_route=\/wp\/v2\/media\/48"}],"wp:attachment":[{"href":"https:\/\/www.planetaoptymizmu.pl\/index.php?rest_route=%2Fwp%2Fv2%2Fmedia&parent=2"}],"curies":[{"name":"wp","href":"https:\/\/api.w.org\/{rel}","templated":true}]}}